{"id":91,"date":"2017-09-19T20:30:51","date_gmt":"2017-09-19T18:30:51","guid":{"rendered":"http:\/\/sks-stuttgart.de\/?page_id=91"},"modified":"2026-03-19T17:56:02","modified_gmt":"2026-03-19T16:56:02","slug":"kurzvita-albert-boesen","status":"publish","type":"page","link":"https:\/\/sks-stuttgart.de\/?page_id=91","title":{"rendered":"Kurzvita Nina Karmon"},"content":{"rendered":"<figure id=\"attachment_729\" aria-describedby=\"caption-attachment-729\" style=\"width: 337px\" class=\"wp-caption alignright\"><a href=\"https:\/\/sks-stuttgart.de\/?attachment_id=729\" rel=\"attachment wp-att-729\"><img data-recalc-dims=\"1\" loading=\"lazy\" decoding=\"async\" data-attachment-id=\"729\" data-permalink=\"https:\/\/sks-stuttgart.de\/?attachment_id=729\" data-orig-file=\"https:\/\/i0.wp.com\/sks-stuttgart.de\/wp-content\/uploads\/2026\/03\/Nina_Karmon_01-e1773836186572.jpg?fit=858%2C866&amp;ssl=1\" data-orig-size=\"858,866\" data-comments-opened=\"0\" data-image-meta=\"{&quot;aperture&quot;:&quot;9&quot;,&quot;credit&quot;:&quot;&quot;,&quot;camera&quot;:&quot;NIKON D7100&quot;,&quot;caption&quot;:&quot;&quot;,&quot;created_timestamp&quot;:&quot;1644349695&quot;,&quot;copyright&quot;:&quot;&quot;,&quot;focal_length&quot;:&quot;105&quot;,&quot;iso&quot;:&quot;400&quot;,&quot;shutter_speed&quot;:&quot;0.00625&quot;,&quot;title&quot;:&quot;&quot;,&quot;orientation&quot;:&quot;1&quot;}\" data-image-title=\"Nina_Karmon_01\" data-image-description=\"\" data-image-caption=\"\" data-large-file=\"https:\/\/i0.wp.com\/sks-stuttgart.de\/wp-content\/uploads\/2026\/03\/Nina_Karmon_01-e1773836186572.jpg?fit=1000%2C678&amp;ssl=1\" class=\"wp-image-729 \" src=\"https:\/\/i0.wp.com\/sks-stuttgart.de\/wp-content\/uploads\/2026\/03\/Nina_Karmon_01-e1773836186572-297x300.jpg?resize=337%2C340&#038;ssl=1\" alt=\"\" width=\"337\" height=\"340\" srcset=\"https:\/\/i0.wp.com\/sks-stuttgart.de\/wp-content\/uploads\/2026\/03\/Nina_Karmon_01-e1773836186572.jpg?resize=297%2C300&amp;ssl=1 297w, https:\/\/i0.wp.com\/sks-stuttgart.de\/wp-content\/uploads\/2026\/03\/Nina_Karmon_01-e1773836186572.jpg?resize=150%2C150&amp;ssl=1 150w, https:\/\/i0.wp.com\/sks-stuttgart.de\/wp-content\/uploads\/2026\/03\/Nina_Karmon_01-e1773836186572.jpg?resize=768%2C775&amp;ssl=1 768w, https:\/\/i0.wp.com\/sks-stuttgart.de\/wp-content\/uploads\/2026\/03\/Nina_Karmon_01-e1773836186572.jpg?w=858&amp;ssl=1 858w\" sizes=\"auto, (max-width: 337px) 100vw, 337px\" \/><\/a><figcaption id=\"caption-attachment-729\" class=\"wp-caption-text\"><strong>Nina Karmon<\/strong> (Credit Dietmar Scholz)<\/figcaption><\/figure>\n<p>In Stuttgart geboren, begann Nina Karmon im Alter von f\u00fcnf Jahren zun\u00e4chst mit dem Cellospiel bei ihrer Mutter, einer finnischen Cellistin, wechselte aber knapp siebenj\u00e4hrig zur Geige und wurde in den folgenden Jahren von ihrem Vater unterrichtet, dem damaligen Konzertmeister des Radio-Sinfonieorchesters Stuttgart.<\/p>\n<p>Nach Studien bei Silvia Marcovici, Vladimir Landsman, Radu Bozgan und an der Hochschule f\u00fcr Musik Hanns Eisler Berlin bei Prof. Werner Scholz, ging Nina Karmon f\u00fcr drei Jahre nach New York, wo sie bei Pinchas Zukerman und Patinka Kopec an der Manhattan School of Music ihr Studium abschloss.<\/p>\n<p>2008-2023 war sie k\u00fcnstlerische Leiterin des &#8222;Internationalen Kammermusik Festivals auf Burg Schaubeck&#8220;. <br \/>Seit 2024 ist sie k\u00fcnstlerische Leiterin des Internationalen Kammermusik-Festivals im Biet.<\/p>\n<p>Nina Karmon unterrichtet an der Hochschule f\u00fcr Musik und Theater &#8222;Felix Mendelssohn Bartholdy&#8220; Leipzig.<\/p>\n<p><a href=\"http:\/\/www.nina-karmon.com\">www.nina-karmon.com<\/a><\/p>\n\n\n<p><\/p>\n","protected":false},"excerpt":{"rendered":"<p>In Stuttgart geboren, begann Nina Karmon im Alter von f\u00fcnf Jahren zun\u00e4chst mit dem Cellospiel bei ihrer Mutter, einer finnischen Cellistin, wechselte aber knapp siebenj\u00e4hrig zur Geige und wurde in den folgenden Jahren von ihrem Vater unterrichtet, dem damaligen Konzertmeister des Radio-Sinfonieorchesters Stuttgart. Nach Studien bei Silvia Marcovici, Vladimir Landsman, Radu Bozgan und an der&#8230; <\/p>\n<div class=\"link-more\"><a href=\"https:\/\/sks-stuttgart.de\/?page_id=91\">Weiterlesen<\/a><\/div>\n","protected":false},"author":1,"featured_media":0,"parent":0,"menu_order":0,"comment_status":"closed","ping_status":"closed","template":"","meta":{"footnotes":""},"class_list":["post-91","page","type-page","status-publish","hentry"],"jetpack_sharing_enabled":true,"jetpack_shortlink":"https:\/\/wp.me\/P9akk5-1t","jetpack_likes_enabled":true,"_links":{"self":[{"href":"https:\/\/sks-stuttgart.de\/index.php?rest_route=\/wp\/v2\/pages\/91","targetHints":{"allow":["GET"]}}],"collection":[{"href":"https:\/\/sks-stuttgart.de\/index.php?rest_route=\/wp\/v2\/pages"}],"about":[{"href":"https:\/\/sks-stuttgart.de\/index.php?rest_route=\/wp\/v2\/types\/page"}],"author":[{"embeddable":true,"href":"https:\/\/sks-stuttgart.de\/index.php?rest_route=\/wp\/v2\/users\/1"}],"replies":[{"embeddable":true,"href":"https:\/\/sks-stuttgart.de\/index.php?rest_route=%2Fwp%2Fv2%2Fcomments&post=91"}],"version-history":[{"count":9,"href":"https:\/\/sks-stuttgart.de\/index.php?rest_route=\/wp\/v2\/pages\/91\/revisions"}],"predecessor-version":[{"id":749,"href":"https:\/\/sks-stuttgart.de\/index.php?rest_route=\/wp\/v2\/pages\/91\/revisions\/749"}],"wp:attachment":[{"href":"https:\/\/sks-stuttgart.de\/index.php?rest_route=%2Fwp%2Fv2%2Fmedia&parent=91"}],"curies":[{"name":"wp","href":"https:\/\/api.w.org\/{rel}","templated":true}]}}