{"id":136,"date":"2017-10-08T19:23:20","date_gmt":"2017-10-08T17:23:20","guid":{"rendered":"http:\/\/sks-stuttgart.de\/?page_id=136"},"modified":"2025-04-12T20:07:11","modified_gmt":"2025-04-12T18:07:11","slug":"presse","status":"publish","type":"page","link":"https:\/\/sks-stuttgart.de\/?page_id=136","title":{"rendered":"Presse"},"content":{"rendered":"<p><strong>Pressespiegel-Auszug<\/strong><\/p>\n<p>\u2026 &#8222;<em>In der Pauluskirche war der Motettenchor der M\u00fcnsterkantorei Ulm gemeinsam mit den (wie immer) virtuosen \u201eS\u00fcddeutschen Kammersolisten Stuttgart\u201c mit Spohrs Oratorium als Ulmer Erstauff\u00fchrung (!) zu erleben<\/em>.&#8220; &#8230;<\/p>\n<p style=\"text-align: right;\"><span style=\"display: inline !important; float: none; background-color: transparent; color: #191e23; cursor: text; font-family: 'Noto Serif'; font-size: 16px; font-style: normal; font-variant: normal; font-weight: 400; letter-spacing: normal; orphans: 2; text-align: left; text-decoration: none; text-indent: 0px; text-transform: none; -webkit-text-stroke-width: 0px; white-space: normal; word-spacing: 0px;\">Louis Spohr,<\/span> Passionsoratorium \u2013 Des Heilands letzte Stunden<br \/>\nMotettenchor der M\u00fcnsterkantorei Ulm<br \/>\nLeitung: Friedemann Johannes Wieland<br \/>\nNeu-Ulmer Zeitung, 24 April 2019<\/p>\n<p>\u2026 &#8222;<em>das formidable Orchester der S\u00fcddeutschen Kammersolisten unter der souver\u00e4nen Leitung von Peter Meincke<\/em>&#8220; \u2026<\/p>\n<p style=\"text-align: right;\">&#8222;OpernGala&#8220; Ch\u00f6re und Arien aus Opern von Mozart bis Verdi<br \/>\nPhilharmonischer Chor Waiblingen, Kammerchor Korntal-M\u00fcnchingen, Philharmonischer Chor Ludwigsburg<br \/>\nLeitung: Peter Meincke<br \/>\nWaiblinger Zeitung, 23. Oktober 2018<\/p>\n<p style=\"text-align: left;\"><em>\u2026 &#8222;Aus den zuverl\u00e4ssig agierenden S\u00fcddeutschen Kammersolisten ragten die tonsch\u00f6n blasenden Fl\u00f6ten und insbesondere der Strahlglanz der Blechbl\u00e4ser hervor. Nach dem Verklingen des Schlussakkordes l\u00f6ste sich die Spannung des Publikums in begeistertem Applaus: Es gab Standing Ovations und viele Bravos f\u00fcr die Mitwirkenden.&#8220; &#8230;<\/em><\/p>\n<p style=\"text-align: right;\">G. F. H\u00e4ndel, \u201eDas Alexanderfest&#8220;, Philharmonischer Chor Esslingen<br \/>\nLeitung: Sabine Layer<br \/>\nEsslinger Zeitung, 27. Juni 2018<\/p>\n<p style=\"text-align: left;\"><em>&#8230; &#8222;Es entstand ein farbiges Tongem\u00e4lde mit dem aufmerksam agierenden Orchester und dem stimmgewaltigen Chor&#8230; &#8230;Herrlich wie die Walfische mit den tiefen Streichern, die V\u00f6gel mit den virtuosen Fl\u00f6te gemalt wurden. &#8230;Lob verdient auch die Continuo-Gruppe, &#8230;&#8220;<br \/>\n<\/em><\/p>\n<p style=\"text-align: right;\">Joseph Haydn, \u201eDie Sch\u00f6pfung\u201c, ensemble vocal K\u00fcnzelsau<br \/>\nLeitung: Thomas Pfeiffer<br \/>\nHohenloher Zeitung, 23. Juni 2018<\/p>\n<p><em>&#8230;<i>\u201c<\/i>Die S\u00fcddeutschen Kammersolisten mit Konzertmeister Albert Boesen bildeten das Fundament f\u00fcr die Auff\u00fchrung, \u2026\u201c\u00a0<\/em><\/p>\n<p style=\"text-align: right;\">J.S. Bach, Weihnachtsoratorium I \u2013 III, Kantatenchor M\u00f6ckm\u00fchl<br \/>\nLeitung: David Dehn<br \/>\nHeilbronner Stimme, 20. Dezember 2017<\/p>\n<p><strong>\u00a0<\/strong><em>\u2026\u201cSchon hier fiel auf, wie gro\u00dfartig differenziert und dynamisch das Orchester der S\u00fcddeutschen Kammersolisten Stuttgart spielte\u2026\u201c<\/em><\/p>\n<p style=\"text-align: right;\">Bonato , \u201eSlegar\u201c, Oratorienchor Ulm<br \/>\nLeitung: Thomas Kammel<br \/>\nAugsburger Allgemeine, 5. April 2017<\/p>\n<p><em>\u00a0<\/em><em>\u2026\u201cBew\u00e4hrte Partner sind die S\u00fcddeutschen Kammersolisten. Diesmal ragt aus dem hervorragenden Ensemble neben den Fl\u00f6ten und Streichern das Gambenspiel von Friederike\u00a0<\/em><em>Baumg\u00e4rtel hervor\u2026\u201c<\/em><\/p>\n<p style=\"text-align: right;\">J.S. Bach, Johannespassion, Kantatenchor M\u00f6ckm\u00fchl<br \/>\nLeitung: David Dehn<br \/>\nHeilbronner Stimme 16. M\u00e4rz 2016<\/p>\n<p><em>\u00a0.<\/em><em>..\u201cGleichwohl ist es eine Freude, die Instrumentalisten unter ihrem Konzertmeister Albert Boesen zu erleben\u2026.es ist die souver\u00e4ne Art, wie er seine Musiker fast unmerklich leitet\u2026\u201c<\/em><\/p>\n<p style=\"text-align: right;\">J. Brahms, Requiem, Stiftkantorei \u00d6hringen, Kantatenchor M\u00f6ckm\u00fchl<br \/>\nHohenloher Zeitung, 18. Nov. 2014<\/p>\n<p><em>\u00a0<\/em><em>\u2026\u201cDas musikalische Fundament legten die souver\u00e4n und mit viel musikalischer Pr\u00e4zision spielenden Musikerinnen und Musiker der in symphonischer Besetzung agierenden S\u00fcddeutschen Kammersolisten\u2026\u201c<\/em><\/p>\n<p style=\"text-align: right;\">Bruneau, Requiem, Bachchor Schwenningen<br \/>\nLeitung: Christoph W\u00fcnsch<br \/>\nS\u00fcd-West-Presse, 26. Nov. 2013<\/p>\n<p><em>\u00a0<\/em><em>\u2026Bach-Chor und Orchester (S\u00fcddeutsche Kammersolisten) boten das zarte \u201eMiserere\u201c und im Credo das \u201eIncarnatus\u201c ergreifend sch\u00f6n\u2026\u201c<\/em><\/p>\n<p style=\"text-align: right;\">F. Schubert, Es-Dur-Messe, Bach-Chor Heilbronn<br \/>\nLeitung: Axel Becker<br \/>\nHeilbronner Stimme, 19. Mai 2009<\/p>\n<p><em>\u00a0<\/em><em>\u201e\u2026Triumphaler Trompetenklang und glitzernde Streicherfiguren vollenden das pr\u00e4chtige barocke Portal f\u00fcr die Auff\u00fchrung. Die S\u00fcddeutschen Kammersolisten lassen aufhorchen und beweisen ihre Klasse durchg\u00e4ngig in sensibel musizierenden Gruppen\u2026\u201c<\/em><\/p>\n<p style=\"text-align: right;\">J.S. Bach, Weihnachtsoratorium, Kantatenchor M\u00f6ckm\u00fchl<br \/>\nLeitung: David Dehn<br \/>\nHeilbronner Stimme<\/p>\n<p><em>\u00a0<\/em><em>\u2026\u201cEin Sonderlob verdienten sich die Solobl\u00e4ser der S\u00fcddeutschen Kammersolisten\u2026\u201c<\/em><\/p>\n<p style=\"text-align: right;\">J.S. Bach, h-moll-Messe, Philharmonischer Chor Esslingen<br \/>\nLeitung: Sabine Layer<br \/>\nEsslinger Zeitung<\/p>\n","protected":false},"excerpt":{"rendered":"<p>Pressespiegel-Auszug \u2026 &#8222;In der Pauluskirche war der Motettenchor der M\u00fcnsterkantorei Ulm gemeinsam mit den (wie immer) virtuosen \u201eS\u00fcddeutschen Kammersolisten Stuttgart\u201c mit Spohrs Oratorium als Ulmer Erstauff\u00fchrung (!) zu erleben.&#8220; &#8230; Louis Spohr, Passionsoratorium \u2013 Des Heilands letzte Stunden Motettenchor der M\u00fcnsterkantorei Ulm Leitung: Friedemann Johannes Wieland Neu-Ulmer Zeitung, 24 April 2019 \u2026 &#8222;das formidable Orchester&#8230; <\/p>\n<div class=\"link-more\"><a href=\"https:\/\/sks-stuttgart.de\/?page_id=136\">Weiterlesen<\/a><\/div>\n","protected":false},"author":1,"featured_media":0,"parent":0,"menu_order":0,"comment_status":"closed","ping_status":"closed","template":"","meta":{"footnotes":""},"class_list":["post-136","page","type-page","status-publish","hentry"],"jetpack_sharing_enabled":false,"jetpack_shortlink":"https:\/\/wp.me\/P9akk5-2c","jetpack_likes_enabled":true,"_links":{"self":[{"href":"https:\/\/sks-stuttgart.de\/index.php?rest_route=\/wp\/v2\/pages\/136","targetHints":{"allow":["GET"]}}],"collection":[{"href":"https:\/\/sks-stuttgart.de\/index.php?rest_route=\/wp\/v2\/pages"}],"about":[{"href":"https:\/\/sks-stuttgart.de\/index.php?rest_route=\/wp\/v2\/types\/page"}],"author":[{"embeddable":true,"href":"https:\/\/sks-stuttgart.de\/index.php?rest_route=\/wp\/v2\/users\/1"}],"replies":[{"embeddable":true,"href":"https:\/\/sks-stuttgart.de\/index.php?rest_route=%2Fwp%2Fv2%2Fcomments&post=136"}],"version-history":[{"count":13,"href":"https:\/\/sks-stuttgart.de\/index.php?rest_route=\/wp\/v2\/pages\/136\/revisions"}],"predecessor-version":[{"id":671,"href":"https:\/\/sks-stuttgart.de\/index.php?rest_route=\/wp\/v2\/pages\/136\/revisions\/671"}],"wp:attachment":[{"href":"https:\/\/sks-stuttgart.de\/index.php?rest_route=%2Fwp%2Fv2%2Fmedia&parent=136"}],"curies":[{"name":"wp","href":"https:\/\/api.w.org\/{rel}","templated":true}]}}