{"id":130,"date":"2017-10-08T18:58:57","date_gmt":"2017-10-08T16:58:57","guid":{"rendered":"http:\/\/sks-stuttgart.de\/?page_id=130"},"modified":"2022-06-19T15:12:00","modified_gmt":"2022-06-19T13:12:00","slug":"referenzen","status":"publish","type":"page","link":"https:\/\/sks-stuttgart.de\/?page_id=130","title":{"rendered":"Referenzen"},"content":{"rendered":"<p><em><a href=\"https:\/\/sks-stuttgart.de\/?attachment_id=570\" rel=\"attachment wp-att-570\"><img data-recalc-dims=\"1\" loading=\"lazy\" decoding=\"async\" data-attachment-id=\"570\" data-permalink=\"https:\/\/sks-stuttgart.de\/?attachment_id=570\" data-orig-file=\"https:\/\/i0.wp.com\/sks-stuttgart.de\/wp-content\/uploads\/2022\/06\/Ulmer-Muenster-Gedenkkonzert-2019.jpg?fit=640%2C959&amp;ssl=1\" data-orig-size=\"640,959\" data-comments-opened=\"0\" data-image-meta=\"{&quot;aperture&quot;:&quot;0&quot;,&quot;credit&quot;:&quot;&quot;,&quot;camera&quot;:&quot;&quot;,&quot;caption&quot;:&quot;&quot;,&quot;created_timestamp&quot;:&quot;0&quot;,&quot;copyright&quot;:&quot;&quot;,&quot;focal_length&quot;:&quot;0&quot;,&quot;iso&quot;:&quot;0&quot;,&quot;shutter_speed&quot;:&quot;0&quot;,&quot;title&quot;:&quot;&quot;,&quot;orientation&quot;:&quot;0&quot;}\" data-image-title=\"Ulmer M\u00fcnster Gedenkkonzert 2019\" data-image-description=\"\" data-image-caption=\"\" data-medium-file=\"https:\/\/i0.wp.com\/sks-stuttgart.de\/wp-content\/uploads\/2022\/06\/Ulmer-Muenster-Gedenkkonzert-2019.jpg?fit=200%2C300&amp;ssl=1\" data-large-file=\"https:\/\/i0.wp.com\/sks-stuttgart.de\/wp-content\/uploads\/2022\/06\/Ulmer-Muenster-Gedenkkonzert-2019.jpg?fit=640%2C959&amp;ssl=1\" class=\"wp-image-570 alignleft\" src=\"https:\/\/i0.wp.com\/sks-stuttgart.de\/wp-content\/uploads\/2022\/06\/Ulmer-Muenster-Gedenkkonzert-2019.jpg?resize=190%2C285&#038;ssl=1\" alt=\"\" width=\"190\" height=\"285\" srcset=\"https:\/\/i0.wp.com\/sks-stuttgart.de\/wp-content\/uploads\/2022\/06\/Ulmer-Muenster-Gedenkkonzert-2019.jpg?w=640&amp;ssl=1 640w, https:\/\/i0.wp.com\/sks-stuttgart.de\/wp-content\/uploads\/2022\/06\/Ulmer-Muenster-Gedenkkonzert-2019.jpg?resize=200%2C300&amp;ssl=1 200w\" sizes=\"auto, (max-width: 190px) 100vw, 190px\" \/><\/a>\u201eZuverl\u00e4ssig, flexibel, aufnahmebereit und kooperativ \u2013 so habe ich die S\u00fcddeutschen Kammersolisten immer erlebt. Unsere <\/em><em>Zusammenarbeit begann im Jahr 2000. Seither freuen wir uns allj\u00e4hrlich \u00fcber wunderbare und spannende Konzerterlebnisse. Ich hoffe auf viele\u00a0weitere Jahre\u201c<\/em><\/p>\n<p style=\"text-align: right;\"><em>\u00a0\u00a0<\/em> <a href=\"http:\/\/www.philharmonischer-chor-esslingen.de\">Sabine Layer, Philharmonischer Chor Esslingen<\/a><\/p>\n<p><em>\u201eDie S\u00fcddeutschen Kammersolisten sind seit vielen Jahren bevorzugter Partner der Stiftskantorei \u00d6hringen bei Auff\u00fchrungen oratorischer Werke insbesondere des 19. Jahrhunderts. Hohe Musikalit\u00e4t der einzelnen Mitglieder, interpretatorische Beweglichkeit des gesamten Klangk\u00f6rpers bei einer konstruktiven Probenatmosph\u00e4re und absolute Verl\u00e4sslichkeit in allen organisatorischen Dingen zeichnen das Orchester aus\u201c<\/em><\/p>\n<p style=\"text-align: right;\"><a href=\"http:\/\/www.oehringen-evangelisch.de\/musik\/\">Bezirkskantor J\u00fcrgen Breidenbach, \u00d6hringen<\/a><\/p>\n<p><em><a href=\"https:\/\/sks-stuttgart.de\/?attachment_id=569\" rel=\"attachment wp-att-569\"><img data-recalc-dims=\"1\" loading=\"lazy\" decoding=\"async\" data-attachment-id=\"569\" data-permalink=\"https:\/\/sks-stuttgart.de\/?attachment_id=569\" data-orig-file=\"https:\/\/i0.wp.com\/sks-stuttgart.de\/wp-content\/uploads\/2022\/06\/Mozart_Requiem_01.jpg?fit=1776%2C1760&amp;ssl=1\" data-orig-size=\"1776,1760\" data-comments-opened=\"0\" data-image-meta=\"{&quot;aperture&quot;:&quot;0&quot;,&quot;credit&quot;:&quot;Thomas Ab\\u00e9&quot;,&quot;camera&quot;:&quot;&quot;,&quot;caption&quot;:&quot;&quot;,&quot;created_timestamp&quot;:&quot;1292506177&quot;,&quot;copyright&quot;:&quot;&quot;,&quot;focal_length&quot;:&quot;0&quot;,&quot;iso&quot;:&quot;0&quot;,&quot;shutter_speed&quot;:&quot;0&quot;,&quot;title&quot;:&quot;&quot;,&quot;orientation&quot;:&quot;0&quot;}\" data-image-title=\"Mozart_Requiem_01\" data-image-description=\"\" data-image-caption=\"\" data-medium-file=\"https:\/\/i0.wp.com\/sks-stuttgart.de\/wp-content\/uploads\/2022\/06\/Mozart_Requiem_01.jpg?fit=300%2C297&amp;ssl=1\" data-large-file=\"https:\/\/i0.wp.com\/sks-stuttgart.de\/wp-content\/uploads\/2022\/06\/Mozart_Requiem_01.jpg?fit=1000%2C991&amp;ssl=1\" class=\" wp-image-569 alignright\" src=\"https:\/\/i0.wp.com\/sks-stuttgart.de\/wp-content\/uploads\/2022\/06\/Mozart_Requiem_01.jpg?resize=206%2C204&#038;ssl=1\" alt=\"\" width=\"206\" height=\"204\" srcset=\"https:\/\/i0.wp.com\/sks-stuttgart.de\/wp-content\/uploads\/2022\/06\/Mozart_Requiem_01.jpg?resize=768%2C761&amp;ssl=1 768w, https:\/\/i0.wp.com\/sks-stuttgart.de\/wp-content\/uploads\/2022\/06\/Mozart_Requiem_01.jpg?resize=300%2C297&amp;ssl=1 300w, https:\/\/i0.wp.com\/sks-stuttgart.de\/wp-content\/uploads\/2022\/06\/Mozart_Requiem_01.jpg?resize=1024%2C1015&amp;ssl=1 1024w, https:\/\/i0.wp.com\/sks-stuttgart.de\/wp-content\/uploads\/2022\/06\/Mozart_Requiem_01.jpg?resize=150%2C150&amp;ssl=1 150w, https:\/\/i0.wp.com\/sks-stuttgart.de\/wp-content\/uploads\/2022\/06\/Mozart_Requiem_01.jpg?resize=1536%2C1522&amp;ssl=1 1536w, https:\/\/i0.wp.com\/sks-stuttgart.de\/wp-content\/uploads\/2022\/06\/Mozart_Requiem_01.jpg?resize=303%2C300&amp;ssl=1 303w, https:\/\/i0.wp.com\/sks-stuttgart.de\/wp-content\/uploads\/2022\/06\/Mozart_Requiem_01.jpg?w=1776&amp;ssl=1 1776w\" sizes=\"auto, (max-width: 206px) 100vw, 206px\" \/><\/a>Die S\u00fcddeutschen Kammersolisten: ein Orchester mit dem ich und der Kantatenchor M\u00f6ckm\u00fchl e. V. bei seinen oratorischen Auff\u00fchrungen immer sehr gerne zusammen musizieren. In angenehmer und konzentrierter Probenatmosph\u00e4re gewinnt jede Musik Gestalt, weil alle Orchestermitglieder, stets gut vorbereitet, ein gemeinsames Ziel haben: zusammen mit Chor und Dirigent die T\u00f6ne zu einem gro\u00dfen Ganzen zu formen, das im Konzert zu den Menschen spricht, ihre Herzen anr\u00fchrt und das Leben bereichert.<\/em><\/p>\n<p style=\"text-align: right;\"><a href=\"http:\/\/www.kantatenchor-moeckmuehl.de\">KMD David Dehn,\u00a0Kantatenchor M\u00f6ckm\u00fchl e. V.<\/a><\/p>\n","protected":false},"excerpt":{"rendered":"<p>\u201eZuverl\u00e4ssig, flexibel, aufnahmebereit und kooperativ \u2013 so habe ich die S\u00fcddeutschen Kammersolisten immer erlebt. Unsere Zusammenarbeit begann im Jahr 2000. Seither freuen wir uns allj\u00e4hrlich \u00fcber wunderbare und spannende Konzerterlebnisse. Ich hoffe auf viele\u00a0weitere Jahre\u201c \u00a0\u00a0 Sabine Layer, Philharmonischer Chor Esslingen \u201eDie S\u00fcddeutschen Kammersolisten sind seit vielen Jahren bevorzugter Partner der Stiftskantorei \u00d6hringen bei Auff\u00fchrungen&#8230; <\/p>\n<div class=\"link-more\"><a href=\"https:\/\/sks-stuttgart.de\/?page_id=130\">Weiterlesen<\/a><\/div>\n","protected":false},"author":1,"featured_media":0,"parent":0,"menu_order":0,"comment_status":"closed","ping_status":"closed","template":"","meta":{"jetpack_post_was_ever_published":false,"footnotes":""},"class_list":["post-130","page","type-page","status-publish","hentry"],"jetpack_sharing_enabled":false,"jetpack_shortlink":"https:\/\/wp.me\/P9akk5-26","jetpack_likes_enabled":true,"_links":{"self":[{"href":"https:\/\/sks-stuttgart.de\/index.php?rest_route=\/wp\/v2\/pages\/130","targetHints":{"allow":["GET"]}}],"collection":[{"href":"https:\/\/sks-stuttgart.de\/index.php?rest_route=\/wp\/v2\/pages"}],"about":[{"href":"https:\/\/sks-stuttgart.de\/index.php?rest_route=\/wp\/v2\/types\/page"}],"author":[{"embeddable":true,"href":"https:\/\/sks-stuttgart.de\/index.php?rest_route=\/wp\/v2\/users\/1"}],"replies":[{"embeddable":true,"href":"https:\/\/sks-stuttgart.de\/index.php?rest_route=%2Fwp%2Fv2%2Fcomments&post=130"}],"version-history":[{"count":8,"href":"https:\/\/sks-stuttgart.de\/index.php?rest_route=\/wp\/v2\/pages\/130\/revisions"}],"predecessor-version":[{"id":571,"href":"https:\/\/sks-stuttgart.de\/index.php?rest_route=\/wp\/v2\/pages\/130\/revisions\/571"}],"wp:attachment":[{"href":"https:\/\/sks-stuttgart.de\/index.php?rest_route=%2Fwp%2Fv2%2Fmedia&parent=130"}],"curies":[{"name":"wp","href":"https:\/\/api.w.org\/{rel}","templated":true}]}}